{"id":172,"date":"2016-04-11T08:25:16","date_gmt":"2016-04-11T06:25:16","guid":{"rendered":"http:\/\/www.bmlonline.it\/?page_id=172"},"modified":"2021-08-03T15:30:35","modified_gmt":"2021-08-03T13:30:35","slug":"informativa-estesa-sullutilizzo-dei-cookie","status":"publish","type":"page","link":"https:\/\/www.bmlonline.it\/en\/informazioni\/informativa-estesa-sullutilizzo-dei-cookie\/","title":{"rendered":"Informativa estesa sull&#8217;utilizzo dei cookie"},"content":{"rendered":"<p><strong>Informativa sui cookie<\/strong>, rilasciata in base alle direttive contenute nel Provvedimento del Garante Privacy dell\u20198 maggio 2014 \u201cIndividuazione delle modalit\u00e0 semplificate per l\u2019informativa e l\u2019acquisizione del consenso per l\u2019uso dei cookie\u201d (Pubblicato sulla Gazzetta Ufficiale n. 126 del 3 giugno 2014).<\/p>\n<p>Con il presente documento, ai sensi degli artt. 13 e 122 del D. Lgs. 196\/2003 (\u201cCodice privacy\u201d), nonch\u00e9 in base a quanto previsto dal Provvedimento generale del Garante privacy dell\u20198 maggio 2014, il nostro sito web fornisce agli utenti del sito alcune informazioni relative ai cookie utilizzati.Il nostro sito web, come la maggior parte dei siti internet, utilizza cookie. Facendo uso del nostro sito, si acconsente all\u2019utilizzo dei cookie in conformit\u00e0 con la presente \u201cInformativa sui cookie\u201d.<\/p>\n<p><strong>Cosa sono i cookie<\/strong><br \/>\nI cookie sono piccoli file di testo che i siti visitati dagli utenti inviano ai loro terminali, ove vengono memorizzati per essere poi ritrasmessi agli stessi siti alla visita successiva. I cookie delle c.d. \u201cterze parti\u201d vengono, invece, impostati da un sito web diverso da quello che l\u2019utente sta visitando. Questo perch\u00e9 su ogni sito possono essere presenti elementi (immagini, mappe, suoni, specifici link a pagine web di altri domini, ecc.) che risiedono su server diversi da quello del sito visitato.<br \/>\nI cookie sono usati per differenti finalit\u00e0: esecuzione di autenticazioni informatiche, monitoraggio di sessioni, memorizzazione di informazioni su specifiche configurazioni riguardanti gli utenti che accedono al server, memorizzazione delle preferenze, ecc.<\/p>\n<p><strong>Tipi di cookie<\/strong><\/p>\n<p><strong>Cookie \u201ctecnici\u201d<\/strong><br \/>\nSono i cookie che servono a effettuare la navigazione o a fornire un servizio richiesto dall\u2019utente. Non vengono utilizzati per scopi ulteriori e sono normalmente installati direttamente dal titolare del sito web.<br \/>\nSenza il ricorso a tali cookie, alcune operazioni non potrebbero essere compiute o sarebbero pi\u00f9 complesse e\/o meno sicure, come ad esempio le attivit\u00e0 di home banking (visualizzazione dell\u2019estratto conto, bonifici, pagamento di bollette, ecc.), per le quali i cookie, che consentono di effettuare e mantenere l\u2019identificazione dell\u2019utente nell\u2019ambito della sessione, risultano indispensabili.<\/p>\n<p><strong>Cookie \u201cdi profilazione\u201d<\/strong><br \/>\nSono i cookie utilizzati per tracciare la navigazione dell\u2019utente in rete e creare profili sui suoi gusti, abitudini, scelte, ecc. Con questi cookie possono essere trasmessi al terminale dell\u2019utente messaggi pubblicitari in linea con le preferenze gi\u00e0 manifestate dallo stesso utente nella navigazione online.<\/p>\n<p><strong>Per saperne di pi\u00f9 sui cookie<\/strong> e sul loro funzionamento, si invita a consultare il sito:<br \/>\n<a href=\"http:\/\/www.allaboutcookies.org\" target=\"_blank\" rel=\"noopener\">www.allaboutcookies.org <\/a><\/p>\n<p><strong>oppure:<\/strong><br \/>\n<a href=\"http:\/\/www.youronlinechoices.eu\" target=\"_blank\" rel=\"noopener\">www.youronlinechoices.eu<\/a><\/p>\n<p><strong>Tipologie di cookie utilizzate dal presente sito<\/strong><\/p>\n<p><strong>Cookie di prime parti<\/strong><br \/>\nIl nostro sito utilizza i seguenti cookie di prime parti:<\/p>\n<p><strong>&#8211; BML_Cookie<\/strong> (questo tipo di cookie viene utilizzato per tenere traccia del consenso dell\u2019utente ed eventualmente non riproporre l\u2019informativa breve sui cookie nelle pagine future o eventualmente alla seconda visita dell\u2019utente \u2013 durata: 1 anno);<\/p>\n<p><strong>Cookie di terze parti<\/strong><br \/>\nNel corso della navigazione sul nostro sito web, l\u2019utente pu\u00f2 ricevere anche cookie di siti o web server diversi (cd cookie di \u201cterze parti\u201d). Ci\u00f2 accade perch\u00e9 sul sito possono essere presenti degli elementi quali immagini, mappe, video, link a specifiche pagine web di altri domini che risiedono su server diversi da quelli utilizzati dal nostro sito web.<\/p>\n<p>Il nostro sito utilizza i seguenti cookie di terze parti:<\/p>\n<p><strong>Google Analytics<\/strong><br \/>\nGoogle Analytics \u00e8 uno strumento di analisi di Google che attraverso l\u2019uso di cookies (performance cookies), raccoglie dati di navigazione anonimi allo scopo di esaminare l\u2019uso del sito da parte degli utenti, compilare report sulle attivit\u00e0 nel sito e fornire altre informazioni, compreso il numero dei visitatori e le pagine visitate. Google pu\u00f2 anche trasferire queste informazioni a terzi ove ci\u00f2 sia imposto dalla legge o laddove tali terzi trattino le suddette informazioni per conto di Google. I cookie di Google Analytics possono essere usati altres\u00ec per mostrare risultati pi\u00f9 pertinenti nelle propriet\u00e0 di Google (come la ricerca Google). Google non assocer\u00e0 l\u2019indirizzo IP a nessun altro dato posseduto da Google. I dati trasmessi a Google sono depositati presso i server di Google negli Stati Uniti.<\/p>\n<p>Il nostro sito utilizza i seguenti cookie di Google Analytics:<\/p>\n<p><strong>&#8211; _ga<\/strong> (distingue utenti unici \u2013 durata: 2 anni);<br \/>\n<strong>&#8211; _gat<\/strong> (usato da Google Universal Analytics per monitorare e tenere traccia del comportamento dei visitatori sul sito in modo anonimo \u2013 durata: 10 minuti).<\/p>\n<p><strong>Per le note<\/strong> sulla privacy di Google:<br \/>\n<a href=\"https:\/\/www.google.com\/policies\/privacy\/\" target=\"_blank\" rel=\"noopener\">www.google.com\/policies\/privacy<\/a><\/p>\n<p><strong>Per maggiori<\/strong> informazioni sui cookie utilizzati da Google:<br \/>\n<a href=\"https:\/\/developers.google.com\/analytics\/devguides\/collection\/analyticsjs\/cookie-usage\" target=\"_blank\" rel=\"noopener\">Analytics Cookie Usage on Websites<\/a><\/p>\n<p><strong>Youtube<\/strong><br \/>\nPer una corretta visualizzazione dei video sul nostro sito Youtube utilizza i seguenti cookie:<\/p>\n<p><strong>&#8211; GEUP<\/strong> (identificatore univoco assegnato a ogni computer per permettere a Google di tracciare i video di YouTube \u2013 durata: 2 anni);<br \/>\n<strong>&#8211; PREF<\/strong> (identificatore univoco assegnato a ogni computer per permettere a Google di tracciare i video di YouTube \u2013 durata: 8 mesi);<br \/>\n<strong>&#8211; VISITOR_INFO1_LIVE<\/strong> (ricorda lo stile dell\u2019interfaccia per il video YouTube \u2013 durata: 8 mesi);<br \/>\n<strong>&#8211; YSC<\/strong> (identificatore unico rilasciato al visitatore durante la visualizzazione di un video YouTube \u2013 durata: fine sessione);<br \/>\n<strong>&#8211; GPS<\/strong> (identificatore univoco assegnato a ogni dispositivo mobile per registrare la posizione GPS \u2013 durata: fine sessione).<\/p>\n<p>Per maggiori informazioni su come Youtube utilizza i cookie: support.google.com\/youtube\/answer\/171780?hl=en-GB<br \/>\nPer le note sulla privacy di Google applicabile anche ai servizi di YouTube: www.google.com\/policies\/privacy<\/p>\n<p><strong>Conferimento dei dati<\/strong><br \/>\nUtilizzando il sito, l\u2019utente acconsente all\u2019utilizzo di tali tecnologie per la raccolta e l\u2019elaborazione di informazioni. L\u2019utente pu\u00f2 evitare l\u2019installazione dei cookie attraverso apposite funzioni disponibili sul proprio browser.<\/p>\n<p>Disabilitazione dei cookie di terze parti<br \/>\nCiascun browser presenta procedure diverse per la gestione delle impostazioni dei cookie. Pu\u00f2 opporsi alla registrazione di cookie sul Suo hard disk configurando il suo browser di navigazione in modo da disabilitare i cookie. Di seguito riportiamo le modalit\u00e0 offerte dai principali browser:<\/p>\n<p>Internet Explorer<br \/>\nApri Internet Explorer;<br \/>\nClicca sul pulsante \u201cStrumenti\u201d e quindi su \u201cOpzioni Internet\u201d;<br \/>\nSeleziona la scheda \u201cPrivacy\u201d e sposta il dispositivo di scorrimento sul livello di privacy che desideri impostare (verso l\u2019alto per bloccare tutti i cookies o verso il basso per consentirli tutti);<br \/>\nQuindi clicca su <strong>\u201cOk\u201d<\/strong>;<br \/>\nClicca qui per maggiori informazioni<\/p>\n<p><strong>Google Chrome<\/strong><br \/>\nApri Google Chrome;<br \/>\nClicca sull\u2019icona \u201cStrumenti\u201d;<br \/>\nSeleziona \u201cImpostazioni\u201d e successivamente \u201cImpostazioni avanzate\u201d;<br \/>\nSeleziona \u201cImpostazioni dei contenuti\u201d sotto la voce \u201cPrivacy\u201d;<br \/>\nNella scheda \u201cCookies\u201d \u00e8 possibile deselezionare i cookies e salvare le preferenze<br \/>\nClicca qui per maggiori informazioni<\/p>\n<p><strong>Mozilla Firefox<\/strong><br \/>\nApri Firefox;<br \/>\nPremi il pulsante \u201cAlt\u201d sulla tastiera;<br \/>\nNella barra degli strumenti situata nella parte superiore del browser, seleziona \u201cStrumenti\u201d e successivamente \u201cOpzioni\u201d;<br \/>\nSeleziona quindi la scheda \u201cPrivacy\u201d;<br \/>\nVai su \u201cImpostazioni Cronologia\u201d e successivamente su \u201cUtilizza impostazioni personalizzate\u201d;<br \/>\nDeseleziona \u201cAccetta i cookie dai siti\u201d e salva le preferenze. \u2013 Attivare e disattivare i cookie;<br \/>\nClicca qui per maggiori informazioni<\/p>\n<p><strong>Apple Safari<\/strong><br \/>\nApri Safari;<br \/>\nScegli \u201cPreferenze\u201d nella barra degli strumenti, quindi seleziona il pannello \u201cSicurezza\u201d nella finestra di dialogo che segue;<br \/>\nNella sezione \u201cAccetta cookie\u201d \u00e8 possibile specificare se e quando Safari deve salvare i cookies dai siti web. Per ulteriori informazioni clicca sul pulsante di Aiuto (contrassegnato da un punto interrogativo);<br \/>\nClicca qui per maggiori informazioni<\/p>\n<p><strong>Modalit\u00e0 di trattamento dei dati<\/strong><br \/>\nI dati di navigazione sono trattati, in modalit\u00e0 telematica esclusivamente nell\u2019ambito delle finalit\u00e0 sopra indicate; non sono oggetto di comunicazione a soggetti terzi, n\u00e9 di diffusione.<\/p>\n<p><strong>Titolare del trattamento dei dati<\/strong><br \/>\nBiblioteca Medicea Laurenziana<br \/>\nPiazza S. Lorenzo, 9 \u2013 50123 Firenze<br \/>\nTel. (+39) 0552937911<br \/>\n<a href=\"mailto:b-mela@beniculturali.it\">b-mela@beniculturali.it<\/a><\/p>\n<p>Dal momento che l\u2019installazione di cookie e di altri sistemi di tracciamento operata da terze parti tramite i servizi utilizzati all\u2019interno di questo sito non pu\u00f2 essere tecnicamente controllata dal Titolare, ogni riferimento specifico a cookie e sistemi di tracciamento installati da terze parti \u00e8 da considerarsi indicativo. Per ottenere informazioni complete, consultate la privacy policy degli eventuali servizi quali Google+, Google Analytics, Google YouTube, Facebook, Twitter, Linkedin, ecc. Vista l\u2019oggettiva complessit\u00e0 legata all\u2019identificazione delle tecnologie basate sui cookie ed alla loro integrazione molto stretta con il funzionamento del web, vi invitiamo a contattare il Titolare qualora voleste ricevere qualunque approfondimento relativo all\u2019utilizzo dei cookie stessi e ad eventuali utilizzi degli stessi \u2013 ad esempio ad opera di terzi \u2013 effettuati tramite questo sito.<\/p>\n<p><strong>Per maggiori informazioni:<\/strong><br \/>\n<a href=\"http:\/\/www.garanteprivacy.it\/web\/guest\/home\/docweb\/-\/docweb-display\/docweb\/2142939\" target=\"_blank\" rel=\"noopener\">FAQ del Garante per la Privacy in materia di cookie<\/a><\/p>\n<p>FAQ del Garante per la Privacy in materia di cookie<\/p>\n<p>Questo sito raccoglie dati statistici anonimi sulla navigazione anche mediante cookie installati da terze parti autorizzate, nel pieno rispetto della privacy dei tuoi dati personali e della normativa vigente. I cookie che utilizziamo servono a darti un servizio migliore. Scorrendo questa pagina o cliccando qualunque suo elemento acconsenti all\u2019uso dei cookie. Per maggiori informazioni leggi l\u2019 informativa estesa sull\u2019uso dei cookie.<\/p>","protected":false},"excerpt":{"rendered":"<p>Informativa sui cookie, rilasciata in base alle direttive contenute nel Provvedimento del Garante Privacy dell\u20198 maggio 2014 \u201cIndividuazione delle modalit\u00e0 semplificate per l\u2019informativa e l\u2019acquisizione del consenso per l\u2019uso dei cookie\u201d (Pubblicato sulla Gazzetta Ufficiale n. 126 del 3 giugno 2014). Con il presente documento, ai sensi degli artt. 13 e 122 del D. Lgs. [&hellip;]<\/p>\n","protected":false},"author":1,"featured_media":0,"parent":165,"menu_order":7,"comment_status":"closed","ping_status":"closed","template":"","meta":{"_exactmetrics_skip_tracking":false,"_exactmetrics_sitenote_active":false,"_exactmetrics_sitenote_note":"","_exactmetrics_sitenote_category":0,"footnotes":""},"class_list":["post-172","page","type-page","status-publish","hentry"],"_links":{"self":[{"href":"https:\/\/www.bmlonline.it\/en\/wp-json\/wp\/v2\/pages\/172","targetHints":{"allow":["GET"]}}],"collection":[{"href":"https:\/\/www.bmlonline.it\/en\/wp-json\/wp\/v2\/pages"}],"about":[{"href":"https:\/\/www.bmlonline.it\/en\/wp-json\/wp\/v2\/types\/page"}],"author":[{"embeddable":true,"href":"https:\/\/www.bmlonline.it\/en\/wp-json\/wp\/v2\/users\/1"}],"replies":[{"embeddable":true,"href":"https:\/\/www.bmlonline.it\/en\/wp-json\/wp\/v2\/comments?post=172"}],"version-history":[{"count":68,"href":"https:\/\/www.bmlonline.it\/en\/wp-json\/wp\/v2\/pages\/172\/revisions"}],"predecessor-version":[{"id":7092,"href":"https:\/\/www.bmlonline.it\/en\/wp-json\/wp\/v2\/pages\/172\/revisions\/7092"}],"up":[{"embeddable":true,"href":"https:\/\/www.bmlonline.it\/en\/wp-json\/wp\/v2\/pages\/165"}],"wp:attachment":[{"href":"https:\/\/www.bmlonline.it\/en\/wp-json\/wp\/v2\/media?parent=172"}],"curies":[{"name":"wp","href":"https:\/\/api.w.org\/{rel}","templated":true}]}}