{"id":153,"date":"2016-04-08T09:19:22","date_gmt":"2016-04-08T07:19:22","guid":{"rendered":"http:\/\/www.bmlonline.it\/?page_id=153"},"modified":"2025-10-08T10:32:19","modified_gmt":"2025-10-08T08:32:19","slug":"cataloghi","status":"publish","type":"page","link":"https:\/\/www.bmlonline.it\/en\/la-biblioteca\/cataloghi\/","title":{"rendered":"Catalogues"},"content":{"rendered":"<p><\/p>\n<ul>\n<li><a href=\"#fondo\">Manuscripts by Collection<\/a><\/li>\n<li><a href=\"#lingua\">Manoscripts by Language<\/a><\/li>\n<li><a href=\"#incunaboli\">Incunabula<\/a>\n<ul>\n<li><a href=\"https:\/\/www.bmlonline.it\/catalogo_incunaboli\/cat_incunaboli_BML.pdf\" target=\"_blank\" rel=\"noopener noreferrer\">Catalogo degli incunaboli della BML<\/a><\/li>\n<\/ul>\n<\/li>\n<li><a href=\"#cinque\"> 16th century Editions<\/a><\/li>\n<li><a href=\"#XVII\">17-19th century Editions<\/a><\/li>\n<li><a href=\"#cat\">Modern Editions<\/a><\/li>\n<\/ul>\n<hr \/>\n<p><a id=\"fondo\"><\/a><span style=\"font-size: 14pt;\"><strong>Manuscripts by Collection<\/strong><\/span><br \/>\nEach collection is followed by the year of its acquiring within round brackets.<\/p>\n<p>The shelfmark of the catalogue in the library&#8217;s reading room is within square brackets<\/p>\n<p>&nbsp;<\/p>\n<p><strong>Acquisti e Doni<\/strong><br \/>\nManuscript inventory [Cat. Sala Studio 91]<br \/>\nCatalogo a schede internazionali per autore<\/p>\n<p><strong>Alfieri (1824)<\/strong><br \/>\nIndice-inventario [Cat. Sala Studio 6]<\/p>\n<p><strong>Amiatini (1785), Biscioni (1783, vd. anche Plutei), Edili (1778), Fiesolani (1778, 1783), Gaddi (1783, vd. anche Plutei), Medicei Palatini (1783), Mugellani (1789), Segni (1783), Strozzi (1785)<\/strong><br \/>\nA.M. Bandini, Bibliotheca Leopoldina Laurentiana, seu Catalogus manuscriptorum qui iussu Petri Leopoldi Arch. Austr. Magni Etr. Ducis\u00a0 in Laurentianam translati sunt. Quae in singulis codicibus continentur accuratissime describuntur, edita supplentur et emendantur, Florentiae, Typis Caesareis, 1791 \/ 1793<\/p>\n<p>In the I volume are described mss.\u00a0 Edili, Mugellani and Amiatini.\u00a0<a href=\"https:\/\/tecabml.contentdm.oclc.org\/digital\/collection\/cataloghi\/id\/4051\/rec\/2\">Leopoldina vol. I<\/a><br \/>\nIn the II volume are described mss. Gaddi, Segni, Biscioni, Strozzi and Fiesolani.\u00a0<a href=\"https:\/\/tecabml.contentdm.oclc.org\/digital\/collection\/cataloghi\/id\/3629\/rec\/3\">Leopoldina vol. II<\/a><br \/>\nIn the III volume are described mss. Fiesolani and Medicei Palatini.<span style=\"color: #0000ff;\"> <a style=\"color: #0000ff;\" href=\"https:\/\/tecabml.contentdm.oclc.org\/digital\/collection\/cataloghi\/id\/3209\/rec\/1\">Leopoldina vol. III<\/a><\/span><br \/>\nThe III volume contains the indexes.<\/p>\n<p><strong>Antinori (1883-1884)<\/strong><br \/>\nIndice-inventario [Cat. Sala Studio 5]<br \/>\nCatalogo a schede internazionali per autore<\/p>\n<p><strong>Archivio Storico della Biblioteca Laurenziana (relativo agli anni 1757-1875)<\/strong><br \/>\n<a href=\"https:\/\/www.bmlonline.it\/wp-content\/uploads\/2023\/06\/Archivio-storico-Biblioteca-Laurenziana.pdf\">Archivio Storico<\/a><\/p>\n<p><strong>Ashburnham (1884)<\/strong><br \/>\nCatalogue of the manuscripts at Ashburnham Place, London [1865] [Cat. Sala Studio 11]<\/p>\n<ul>\n<li><a href=\"http:\/\/www.bmlonline.it\/en\/la-biblioteca\/cataloghi\/fondo-ashburnham-catalogo\/\">Relazione alla Camera dei Deputati<\/a>\u00a0 e Disegno di legge per l\u2019acquisto di codici appartenenti alla Biblioteca Ashburnham descritti nell\u2019annesso Catalogo, Roma, Tipografia della Camera dei Deputati, 1884. Controllo, revisione e inserimento in rete, 2005 [Cat. Sala Studio 9]<\/li>\n<\/ul>\n<p>E. Narducci, Indici alfabetici per autori e per soggetti Premessavi la nota dei codici soprannumerari, Roma, Tip. delle Scienze matematiche e fisiche, 1884 Controllo, revisione e inserimento in rete, 2005 [Cat. Sala Studio 9]<\/p>\n<ul>\n<li><a href=\"http:\/\/www.bmlonline.it\/en\/la-biblioteca\/cataloghi\/fondo-ashburnham-indice-autori\/\">Per autori<\/a><\/li>\n<li><a href=\"http:\/\/www.bmlonline.it\/en\/la-biblioteca\/cataloghi\/fondo-ashburnham-indice-soggetti\/\">Per soggetti<\/a><\/li>\n<li><a href=\"http:\/\/www.bmlonline.it\/en\/la-biblioteca\/cataloghi\/fondo-ashburnham-indice-secoli\/\">Per secoli<\/a><\/li>\n<\/ul>\n<p>The more, until nr. 412, are described in the following catalogues:<\/p>\n<p>I codici Ashburnhamiani della Biblioteca Medicea Laurenziana di Firenze,\u00a0 vol. I,\u00a0 1-7, 1887 -1983 (Indici e Cataloghi, 8) [Cat. Sala Studio 10]<\/p>\n<p>I codici Ashburnhamiani della Biblioteca Medicea Laurenziana di Firenze, vol. II, 1.-2. (Indici e Cataloghi,\u00a0 [Cat. Sala Studio 10. 2]<\/p>\n<p>Some of the mss. are described and available online on this database: <a href=\"https:\/\/manus.iccu.sbn.it\/web\/manus\">Manus On Line<\/a><\/p>\n<p><strong>Biscioni (1783)<\/strong><br \/>\nvd. sotto Amiatini e Plutei.<\/p>\n<p><strong>Calci (1975)<\/strong><br \/>\nG. Murano, I manoscritti del fondo certosa di Calci, Firenze, Edizioni Regione Toscana, 1996 (Toscana Beni Librari, 6) [Cat.D.109]<\/p>\n<p>Some descriptions available online here: <a href=\"https:\/\/www.mirabileweb.it\/ricerca_avanzata.aspx?cpage=ASP.ricerca_semplice_aspx.pinfo&amp;codex=1\">Mirabile: Archivio digitale della cultura medievale<\/a><\/p>\n<p><strong>Carte di Castello (1921)<\/strong><br \/>\nMonumenti di cartografia a Firenze (secc. X-XVII). Catalogo a cura di M. Tesi, Firenze, Tip. Ariani e l&#8217;Arte della Stampa, 1981 [Cat. Sala Studio 51]<br \/>\nRiproduzioni [F.4.251]<\/p>\n<p><strong>Carteggio Ferrucci (post 1877, 1923)<\/strong><br \/>\nCarteggio di Luigi Crisostomo Ferrucci (1797-1877) in fase di catalogazione (non consultabile)<\/p>\n<p><strong>Carteggio Lodi (1972)<\/strong><br \/>\nCarteggio di Teresa Lodi (1889-1971) schedato in Inventario analitico del carteggio di Teresa Lodi (dattiloscritto), 1997 [Cat. Sala Studio 87]<\/p>\n<p><strong>Carteggio Norsa (1965)<\/strong><br \/>\nCarteggio di Medea Norsa (1877-1952) schedato in Inventario analitico del carteggio di Medea Norsa (dattiloscritto), 1983 [Cat. Sala Studio 56]<\/p>\n<p><strong>Carteggio Pistelli (1971)<\/strong><br \/>\nCarteggio di Ermenegildo Pistelli (1862-1927) schedato in Inventario analitico del carteggio di Ermenegildo Pistelli (dattiloscritto), 1983 [Cat. Sala Studio 61]<\/p>\n<p><strong>Carteggio Rostagno (1940)<\/strong><br \/>\nCarteggio di Enrico Rostagno (1860-1942) schedato in Inventario analitico del carteggio di Enrico Rostagno (dattiloscritto), 1984 [Cat. Sala Studio 60]<\/p>\n<p><strong>Carteggio Vitelli (1951, 1964)<\/strong><br \/>\nCarteggio di Girolamo Vitelli (1849-1935) schedato in Inventario analitico del carteggio di Girolamo Vitelli (dattiloscritto), 1972 [Cat. Sala Studio 34]<\/p>\n<p><strong>Conventi Soppressi (1809)<\/strong><br \/>\nFrancesco Del Furia, Supplementum alterum ad catalogum codicum Graecorum Latinorum Italicorum etc. Bibliothecae Mediceae Laurentianae, [entro il 1858], voll. I-IV (mss.) e tavole di concordanze (dattiloscritto).<br \/>\nPer consultare la versione digitalizzata del catalogo\u00a0 <a href=\"http:\/\/cataloghistorici.bdi.sbn.it\/dett_catalogo.php?IDCAT=11\" target=\"_blank\" rel=\"noopener noreferrer\">Del Furia<\/a><br \/>\nCatalogo a schede internazionali per autore<\/p>\n<p><strong>Corali (1809)<\/strong><br \/>\nTavola di concordanze (dattiloscritto)<\/p>\n<p><strong>Documenti\u00a0 del Concilio (1783)<\/strong><br \/>\nSono descritte nel ms. Acq. e Doni 143.<\/p>\n<ul>\n<li><a href=\"https:\/\/www.bmlonline.it\/documenti_pdf\/concilio.pdf\">I \u201cDocumenti del Concilio\u201d di Firenze e quasi sei secoli di storia<\/a>\u2013pdf<\/li>\n<\/ul>\n<p><strong>Edili (1778)<\/strong><br \/>\nvd. sotto Amiatini.<\/p>\n<p><strong>Fiesolani (1778, 1783)<\/strong><br \/>\nvd. sotto Amiatini.<\/p>\n<p><strong>Filicaia (1921-1931)<\/strong><br \/>\nInventario sommario [Catalogo Sala Studio 49]<\/p>\n<p><strong>Gaddi (1783)<\/strong><br \/>\nvd. sotto Amiatini e Plutei.<\/p>\n<p><strong>Giordani (1885)<\/strong><br \/>\nC. Mazzi, Le carte di Pietro Giordani nella Laurenziana, Firenze, Tip. di L. Franceschini e C., 1902 [Cat. Sala Studio 14]<\/p>\n<p><strong>Martelli (1958)<\/strong><br \/>\nIndice-inventario [Cat. Sala Studio 13]<br \/>\nCatalogo a schede internazionali per autore<\/p>\n<p><strong>Medicei Palatini (1783)<\/strong><br \/>\nvd. sotto Amiatini.<\/p>\n<p><strong>Mugellani (1789)<\/strong><br \/>\nvd. sotto Amiatini..<\/p>\n<p><strong>Niccolini (1862)<\/strong><br \/>\nIndice-inventario [Cat. Sala Studio 3]<\/p>\n<p><strong>Orientali (1771)<\/strong><br \/>\nS.E. Assemani, Bibliothecae Mediceae Laurentianae et Palatinae Codicum Mss. Orientalium Catalogus&#8230;, Florentiae, ex Typographio Albiziano, 1742 (ma terminato di stampare nel 1743) con allegata tavola di concordanza fra le vecchie segnature con cui i codici sono descritti nel catalogo e quelle assunte al momento del loro ingresso in Biblioteca: <a href=\"https:\/\/tecabml.contentdm.oclc.org\/digital\/collection\/cataloghi\/id\/2757\/rec\/4\">Assemani Catalogue<\/a><\/p>\n<ul>\n<li><a href=\"http:\/\/www.bmlonline.it\/\/manoscritti_orientali\/manosritti_orientali.pdf\" target=\"_blank\" rel=\"noopener noreferrer\">Indice generale dei Manoscritti Orientali Laurenziani<\/a>\u2013pdf\n<ul>\n<li><a href=\"http:\/\/www.bmlonline.it\/\/manoscritti_orientali\/index _codicum.pdf\" target=\"_blank\" rel=\"noopener noreferrer\">Index Codicum Manuscriptorum Orientalium<\/a>\u2013pdf<\/li>\n<\/ul>\n<\/li>\n<\/ul>\n<p><strong>Pandette (1783, realmente possedute nel 1786)<\/strong><\/p>\n<p>Indice inventario dattiloscritto allegato al manoscritto.<\/p>\n<ul>\n<li><a href=\"http:\/\/www.bmlonline.it\/\/manoscritti_orientali\/pandette.pdf\">Il Codex Florentinus del Digesto e il Fondo Pandette<\/a>\u2013pdf<br \/>\nD. Baldi, Il Codex Florentinus del Digesto e il Fondo Pandette [..], in Segno e testo, 8 (2010), pp. 99-1866<\/li>\n<\/ul>\n<ul>\n<li><strong>Papiri (1906-)<\/strong><br \/>\n<a href=\"http:\/\/www.psi-online.it\/\" target=\"_blank\" rel=\"noopener noreferrer\">PSIonline<\/a><\/li>\n<\/ul>\n<p><strong>Papiri della Societ\u00e0 Italiana (P.S.I.)<\/strong><br \/>\nPapiri greci e latini ed. G. Vitelli, M. Norsa, V. Bartoletti e altri, Firenze 1912-1983 (14volumi e 1 fasc. del XV) [20.1.75]<\/p>\n<p><strong>Papiri fiorentini (P. Flor.)<\/strong><br \/>\nPapiri greco-egizi pubblicati dalla R. Accademia dei Lincei sotto la direzione di D. Comparetti e G. Vitelli, Milano, Hoepli, 1906-1915, voll. I-III [20.1.42]<\/p>\n<p><strong>Papiri laurenziani (P. Laur.)<\/strong><br \/>\nDai papiri della Biblioteca Medicea Laurenziana, vol I-IV ed. R. Pintaudi, vol. V ed. G. Browe, Firenze, Edizioni Gonnelli, 1976-1984 (Papyrologica Florentina I, II, V, XII, XIII) [19.1.36]<\/p>\n<ul>\n<li><strong>Plutei (ante 1571)<\/strong><br \/>\n<a href=\"https:\/\/tecabml.contentdm.oclc.org\/digital\/collection\/plutei\" target=\"_blank\" rel=\"noopener noreferrer\">PluteiOnline<\/a><\/li>\n<\/ul>\n<p><strong>Redi (1820)<\/strong><br \/>\nIndice-inventario [Cat. Sala Studio 1]<br \/>\nCatalogo a schede internazionali per autore<\/p>\n<p>Alcune descrizioni sono disponibili on line sul database <a href=\"https:\/\/manus.iccu.sbn.it\/web\/manus\/risultati-ricerca-manoscritti#1689243694585\">Manus Online<\/a>.<\/p>\n<p><strong>Rinuccini (1850)<\/strong><br \/>\nIndice-inventario [Cat. Sala Studio 1]<br \/>\nCatalogo a schede internazionali per autore<\/p>\n<p><strong>San Marco (1809, 1883)<\/strong><br \/>\nPer i 357 mss. entrati nel 1809: Index manuscriptorum Bibliothecae ordinis Praedicatorum 1768 (ms.) [Cat. Sala Studio 19]<br \/>\nPer i 194 mss. entrati nel 1883: Indice dattiloscritto [Cat. Sala Studio 20]<\/p>\n<ul>\n<li><a href=\"https:\/\/manus.iccu.sbn.it\/risultati-ricerca-manoscritti?struct%3A1016=ricerca.parole_tutte%3A4%3D6&amp;fieldstruct%5B0%5D=ricerca.parole_tutte%3A4%3D6&amp;fieldaccess%5B0%5D=nome_t%3A1003&amp;struct%3A5003=ricerca.parole_tutte%3A4%3D6&amp;struct%3A7007=ricerca.parole_tutte%3A4%3D6&amp;struct%3A20044=ricerca.parole_tutte%3A4%3D6&amp;struct%3A4=ricerca.parole_tutte%3A4%3D6&amp;struct%3A5005=ricerca.parole_tutte%3A4%3D6&amp;struct%3A5004=ricerca.parole_tutte%3A4%3D6&amp;struct%3A20046=ricerca.parole_tutte%3A4%3D6&amp;struct%3A4091=ricerca.parole_tutte%3A4%3D6&amp;struct%3A5091=ricerca.parole_tutte%3A4%3D6&amp;struct%3A9041=ricerca.parole_tutte%3A4%3D6&amp;struct%3A3041=ricerca.parole_tutte%3A4%3D6&amp;struct%3A5041=ricerca.parole_tutte%3A4%3D6&amp;page=1&amp;item%3A4088%3Afondi%5B%5D=Biblioteca+Medicea+Laurenziana%7C%7C%7CIT-FI0100%7C%7C%7CFirenze%7C%7C%7CSan+Marco&amp;struct%3A4088=ricerca.frase%3A4%3D1#1759912079843\" target=\"_blank\" rel=\"noopener noreferrer\">Descrizioni online<\/a><\/li>\n<\/ul>\n<p><strong>Scioppi (1816)<\/strong><br \/>\nIndice delle opere di Gasparo Scioppio conte di Chiaravalle (dattiloscritto) [Cat. Sala Studio 50]<\/p>\n<p><strong>Segni (1783)<\/strong><br \/>\nvd. sotto Amiatini.<\/p>\n<p><strong>Strozzi (1785)<\/strong><br \/>\nvd. sotto Amiatini.<\/p>\n<p><strong>Tempi (1839<\/strong><br \/>\nIndice-inventario [Cat. Sala Studio 1]<\/p>\n<p><a id=\"lingua\"><\/a><span style=\"font-size: 14pt;\"><strong>Manoscritti per lingua<\/strong><\/span><\/p>\n<p><strong>Codici ebraici (Plut. 1-4, 44, 88), circa 240 sono descritti in:<\/strong><br \/>\nA.M. Biscioni, Bibliothecae Mediceo-Laurentianae Catalogus &#8230;, Florentiae, ex Imperiali Typographio, 1752<br \/>\n(comprende anche alcuni mss. greci e orientali collocati nei primi plutei).<\/p>\n<p><strong>Codici greci<\/strong><br \/>\nA. M. Bandini, Catalogus codicum manuscriptorum Bibliothecae Mediceae Laurentianae varia continens Opera Graecorum Patrum, vol. I, Florentiae, Typis Caesareis, 1764<br \/>\nA. M. Bandini, Catalogus codicum Graecorum Bibliothecae Laurentianae varia continens Opera Graecorum Patrum, vol. II-III, Florentiae, Typis Regiis, 1768, 1770<br \/>\nIl III contiene gli indici dei volumi I-III.<\/p>\n<p><strong>Codici latini e italiani<\/strong><br \/>\nA. M. Bandini, Catalogus codicum Latinorum Bibliothecae Mediceae Laurentianae, Florentiae, s. n. t., 1774-1777, voll. I-IV<br \/>\nA. M. Bandini, Catalogus codicum Italicorum Bibliothecae Mediceae Laurentianae Gaddianae et Sanctae Crucis, Florentiae, s. n. t., 1778, vol. V<br \/>\nOltre ai mss vi sono descritti anche gli incunaboli e le edizioni rare passate nel 1783 alla Magliabechiana.<br \/>\nNei voll. III-V, oltre ai Plutei 1-88 sono descritti anche i Plutei 89-91 sup e inf. (ex Gaddi primi entrati in Laurenziana nel 1755 ed ex Biscioni entrati nel 1756) e i Plutei dex e sin. (ex Santa Croce confluiti in Biblioteca nel 1767).<br \/>\nIl vol. V contiene gli indici complessivi della serie.<\/p>\n<p><span style=\"font-size: 14pt;\"><strong>Cataloghi speciali<\/strong><\/span><\/p>\n<p><strong>Codici agiografici<\/strong><br \/>\nRossana E. Guglielmetti, I testi agiografici latini nei codici della Biblioteca Medicea Laurenziana, Firenze, SISMEL Edizioni del Galluzzo, 2007 (Quaderni di \u00abHagiographica\u00bb, 5) [Cat. Sala Studio 105]<\/p>\n<p><strong>Codici biblici<\/strong><br \/>\nBibbie miniate della Biblioteca Medicea Laurenziana di Firenze, a cura di Laura Alidori, Lucia Benassai, Lucia Castaldi, Melania Ceccanti, Elisa Fusi, Eleonora Mattia, Simone Nencioni, Firenze, SISMEL Edizioni del Galluzzo, 2003 (\u00abBiblioteche e archivi\u00bb, 12) [Cat. Sala Studio 97]<\/p>\n<p><strong>Codici datati<\/strong><br \/>\nI manoscritti datati del fondo Acquisti e Doni e dei fondi minori della Biblioteca Medicea Laurenziana di Firenze, a cura di L. Fratini e S. Zamponi, Firenze, SISMEL Edizioni del Galluzzo, 2004 (\u00abManoscritti datati d\u2019Italia\u00bb, 12) [Cat. Sala Studio 101]<\/p>\n<p>I manoscritti datati della Biblioteca Medicea Laurenziana di Firenze. 1.Plutei 12-34, a cura di Teresa De Robertis, Cinzia Di Deo e Michaelangiola Marchiaro con il contributo di Ida Giovanna Rao\u00a0 Firenze,\u00a0 SISMEL &#8211; Edizioni del Galluzzo, 2008. (\u00abManoscritti datati d\u2019Italia\u00bb, 19) [Cat. Sala Studio 109]<\/p>\n<p><strong>Codici etiopici<\/strong><br \/>\nP. Marassini, I manoscritti etiopici della Biblioteca Medicea Laurenziana di Firenze (estr. da Rassegna di studi etiopici, 30 (1984-86), 31 (1987), pp. 69-110 [Cat. Sala Studio 67]<\/p>\n<ul>\n<li><a href=\"https:\/\/betamasaheft.eu\/manuscripts\/INS0339BML\/list\">Manoscritti etiopici<\/a><\/li>\n<\/ul>\n<p><strong>Codici greci<\/strong><br \/>\nE. Rostagno N. Festa, Indici dei codici greci laurenziani non compresi nel catalogo del Bandini, Firenze-Roma, Tip. dei fratelli Bencini, 1893 (estr. dal vol. I di Studi italiani di filologia classica)<br \/>\nE. Rostagno, Codici greci laurenziani meno noti, Firenze, Tip. dei fratelli Bencini, 1894 (estr. dal vol. II di Studi italiani di filologia classica) [Cat. Sala Studio 21]<br \/>\nE. Rostagno, Indices codicum graecorum Bibliothecae Laurentianae Supplementum, Firenze, Tip. dei fratelli Bencini,1898 (estr. dal vol. VI di Studi italiani di filologia classica) [Cat. Sala Studio 21]<br \/>\nAngelo Maria Bandini, Catalogus codicum manuscriptorum Bibliothecae Mediceae Laurentianae, accedunt Supplementa tria ab E. Rostagno et N. Festa congesta necnon Additamentum ex inventariis Bibliotheae Laurentianae depromptum accuravit Fridolf Kudlien, III voll., Lipsia, Zentral-Antiquariat der Deutschen Demokratischen Republik, 1961 [Cat. Sala Studio B 10]<\/p>\n<p><strong>Codici orientali<\/strong><br \/>\nB. Martel-Thoumian, Les manuscrits arabes d\u00e9pos\u00e9s \u00e0 la Biblioth\u00e8que Medicea Laurenziana de Florence: nouvelles acquisitions, Firenze, Universit\u00e0 di Firenze. Dipartimento di Linguistica, 1997 (Quaderni di Semitistica. Materiali, 2) [Cat. Sala Studio 85]<br \/>\nI. Pizzi, Catalogo dei codici persiani della Biblioteca Medicea Laurenziana, Firenze, 1886 (estr. da Cataloghi dei codici orientali di alcune biblioteche d&#8217;Italia stampati a spese del Ministero della P. I., Firenze, 1878) [Cat. Sala Studio 18]<br \/>\nA.M. Piemontese, Catalogo dei codici persiani conservati nelle Biblioteche d&#8217;Italia, Roma, Istituto Poligrafico e Zecca dello Stato, 1989 (Indici e Cataloghi, V), in particolare pp. 37-109[Cat. Sala Studio C. 20 (5\/A)]<\/p>\n<p><a id=\"incunaboli\"><\/a><span style=\"font-size: 14pt;\"><strong>Incunaboli<\/strong><\/span><\/p>\n<p><strong>Cataloghi degli incunaboli<\/strong><\/p>\n<ul>\n<li><a href=\"https:\/\/www.bmlonline.it\/catalogo_incunaboli\/cat_incunaboli_BML.pdf\" target=\"_blank\" rel=\"noopener noreferrer\">Catalogo degli incunaboli della BML<\/a><\/li>\n<\/ul>\n<p><strong>Incunaboli laurenziani in genere<\/strong><\/p>\n<p>Catalogo speciale degli incunaboli, a schede di formato internazionale<\/p>\n<p><strong>Incunaboli della collezione d&#8217;Elci<\/strong><\/p>\n<ul>\n<li><a href=\"http:\/\/www.bmlonline.it\/\/manoscritti_orientali\/catalogo_sala_studio_4.pdf\" target=\"_blank\" rel=\"noopener noreferrer\">Catalogo dei libri del Conte Angiolo Maria d&#8217;Elci donati alla Imperiale e Reale Libreria Medicea Laurenziana, [a cura di F. Grazzini],\u00a0 s. d. [1826], [Cat. Sala Studio 4]<\/a>\u2013pdf<\/li>\n<\/ul>\n<p>Incunaboli ed edizioni rare. La Collezione di Angelo Maria d&#8217;Elci, Firenze, Nardini, 1989 [Cat. Sala Studio 69]<\/p>\n<p>U. Cassuto, Gl&#8217;incunaboli ebraici della Collezione Delciana nella R. Biblioteca Mediceo-Laurenziana, Firenze, tip. Galletti &amp; Cassuto, 1909<\/p>\n<p><a id=\"cinque\"><\/a><span style=\"font-size: 14pt;\"><strong>Ciquecentine<\/strong><\/span><\/p>\n<p><strong>Cinquecentine laurenziane in genere<\/strong><\/p>\n<p>Le Cinquecentine della Biblioteca Medicea Laurenziana di Firenze,<br \/>\na cura di Sara Centi, Roma, Istituto Poligrafico e Zecca dello Stato, 2002 (Indici e cataloghi, n.s. XIV)<\/p>\n<p>Catalogo delle edizioni del sec. XVI, a schede di formato internazionale<\/p>\n<p><strong>Cinquecentine della collezione d&#8217;Elci<\/strong><\/p>\n<p>Incunaboli ed edizioni rare. La Collezione di Angelo Maria d&#8217;Elci, Firenze, Nardini, 1989 [Cat. Sala Studio 69]<\/p>\n<p><strong>Aldine<\/strong><br \/>\nAldo Manuzio tipografo 1494-1515, Firenze, Franco Contini Editore,1994 [Cat. Sala Studio 78]<\/p>\n<p><a id=\"XVII\"><\/a><span style=\"font-size: 14pt;\"><strong>Cataloghi delle edizioni de secc. XVII-XIX<\/strong><\/span><\/p>\n<p>Catalogo Staderini per le opere pervenute in biblioteca prima del 1958)<\/p>\n<p>Catalogo a schede di formato internazionale (per le opere pervenute in biblioteca dopo il 1958)<\/p>\n<p><a id=\"cat\"><\/a><span style=\"font-size: 14pt;\"><strong>Catalogo degli stampati moderni<\/strong><\/span><\/p>\n<p>Catalogo Staderini per le opere pervenute in biblioteca prima del 1958)<\/p>\n<p>Catalogo a schede di formato internazionale (per le opere pervenute in biblioteca dopo il 1958)<\/p>\n<p>Dal 2003 le schede catalografiche relative alle pubblicazioni a stampa correnti si possono trovare, oltre che sui cataloghi cartacei, anche nel catalogo in linea SBN (servizio bibliotecario nazionale). consultando l&#8217;OPAC della BNCF (Biblioteca nazionale centrale di Firenze, del cui polo la Biblioteca Laurenziana fa parte).<\/p>","protected":false},"excerpt":{"rendered":"<p>Manuscripts by Collection Manoscripts by Language Incunabula Catalogo degli incunaboli della BML 16th century Editions 17-19th century Editions Modern Editions Manuscripts by Collection Each collection is followed by the year of its acquiring within round brackets. The shelfmark of the catalogue in the library&#8217;s reading room is within square brackets &nbsp; Acquisti e Doni Manuscript [&hellip;]<\/p>\n","protected":false},"author":1,"featured_media":0,"parent":143,"menu_order":3,"comment_status":"closed","ping_status":"closed","template":"","meta":{"_exactmetrics_skip_tracking":false,"_exactmetrics_sitenote_active":false,"_exactmetrics_sitenote_note":"","_exactmetrics_sitenote_category":0,"footnotes":""},"class_list":["post-153","page","type-page","status-publish","hentry"],"_links":{"self":[{"href":"https:\/\/www.bmlonline.it\/en\/wp-json\/wp\/v2\/pages\/153","targetHints":{"allow":["GET"]}}],"collection":[{"href":"https:\/\/www.bmlonline.it\/en\/wp-json\/wp\/v2\/pages"}],"about":[{"href":"https:\/\/www.bmlonline.it\/en\/wp-json\/wp\/v2\/types\/page"}],"author":[{"embeddable":true,"href":"https:\/\/www.bmlonline.it\/en\/wp-json\/wp\/v2\/users\/1"}],"replies":[{"embeddable":true,"href":"https:\/\/www.bmlonline.it\/en\/wp-json\/wp\/v2\/comments?post=153"}],"version-history":[{"count":235,"href":"https:\/\/www.bmlonline.it\/en\/wp-json\/wp\/v2\/pages\/153\/revisions"}],"predecessor-version":[{"id":7792,"href":"https:\/\/www.bmlonline.it\/en\/wp-json\/wp\/v2\/pages\/153\/revisions\/7792"}],"up":[{"embeddable":true,"href":"https:\/\/www.bmlonline.it\/en\/wp-json\/wp\/v2\/pages\/143"}],"wp:attachment":[{"href":"https:\/\/www.bmlonline.it\/en\/wp-json\/wp\/v2\/media?parent=153"}],"curies":[{"name":"wp","href":"https:\/\/api.w.org\/{rel}","templated":true}]}}